{"id":45,"date":"2017-06-22T13:25:59","date_gmt":"2017-06-22T13:25:59","guid":{"rendered":"https:\/\/gravidezprecoce.ao\/?page_id=45"},"modified":"2025-10-14T15:43:13","modified_gmt":"2025-10-14T15:43:13","slug":"shortcodes","status":"publish","type":"page","link":"https:\/\/gravidezprecoce.ao\/?page_id=45","title":{"rendered":"Campanha"},"content":{"rendered":"<div class=\"wpb-content-wrapper\"><p>[vc_row][vc_column][vc_column_text css=&#8221;&#8221;]<\/p>\n<h4 style=\"text-align: center;\">&#8220;Viver e Crescer com Dignidade&#8221;<\/h4>\n<div class=\"dummy\"><\/div>\n<p>[\/vc_column_text][vc_empty_space hide_on_mobile=&#8221;&#8221;][\/vc_column][vc_column width=&#8221;1\/2&#8243;][vc_tta_accordion shape=&#8221;round&#8221; c_icon=&#8221;chevron&#8221; c_position=&#8221;right&#8221; active_section=&#8221;1&#8243;][vc_tta_section title=&#8221;Sabias que&#8230;&#8221; tab_id=&#8221;1498134750982-8ec1bd0b-0ef3&#8243;][vc_column_text css=&#8221;&#8221;]Cerca de 28% das adolescentes entre os 13 e 18 anos j\u00e1 estiveram gr\u00e1vidas? E que em alguns munic\u00edpios rurais, a taxa ultrapassa os 35%?[\/vc_column_text][\/vc_tta_section][vc_tta_section title=&#8221;Algumas causas e consequ\u00eancias&#8221; tab_id=&#8221;1498134751122-22538824-bd18&#8243;][vc_column_text css=&#8221;&#8221;]<\/p>\n<ul>\n<li>Elevados \u00edndices de analfabetismo (especialmente entre meninas);<\/li>\n<li>Fraco acesso a servi\u00e7os de sa\u00fade sexual e reprodutiva;<\/li>\n<li>Gravidez como factor de abandono escolar precoce;<\/li>\n<li>Aus\u00eancia de di\u00e1logo familiar e comunit\u00e1rio sobre sexualidade;<\/li>\n<li>Problemas culturais;<\/li>\n<li>Situa\u00e7\u00f5es de abuso e explora\u00e7\u00e3o sexual n\u00e3o reportadas.<\/li>\n<\/ul>\n<p>[\/vc_column_text][\/vc_tta_section][vc_tta_section title=&#8221;Os grandes objectivos&#8221; tab_id=&#8221;1498134801669-1d72e493-1e71&#8243;][vc_column_text css=&#8221;&#8221;]<\/p>\n<ul>\n<li>Aumentar o conhecimento sobre sa\u00fade sexual e reprodutiva.<\/li>\n<li>Melhorar o acesso a m\u00e9todos de preven\u00e7\u00e3o e aconselhamento.<\/li>\n<li>Estimular o di\u00e1logo entre jovens, fam\u00edlias e l\u00edderes comunit\u00e1rios.<\/li>\n<li>Sensibilizar contra doen\u00e7as sexualmente transmiss\u00edveis.<\/li>\n<li>Garantir a inclus\u00e3o social das adolescentes afectadas.<\/li>\n<\/ul>\n<p>[\/vc_column_text][\/vc_tta_section][\/vc_tta_accordion][\/vc_column][vc_column width=&#8221;1\/2&#8243; offset=&#8221;vc_hidden-lg vc_hidden-md vc_hidden-sm&#8221;][vc_empty_space alter_height=&#8221;medium&#8221; hide_on_mobile=&#8221;&#8221;][\/vc_column][vc_column width=&#8221;1\/2&#8243;][vc_tta_tabs shape=&#8221;round&#8221; spacing=&#8221;&#8221; alignment=&#8221;center&#8221; active_section=&#8221;1&#8243; no_fill_content_area=&#8221;true&#8221;][vc_tta_section title=&#8221;Vis\u00e3o&#8221; tab_id=&#8221;1498134973192-e4345d44-188c&#8221;][vc_column_text css=&#8221;&#8221;]<\/p>\n<h6 style=\"text-align: center;\">Esta campanha, est\u00e1 alinhada com pol\u00edticas e agendas estrat\u00e9gicas nacionais e internacionais.<\/h6>\n<p>&nbsp;<\/p>\n<p style=\"font-weight: 400;\"><strong>Plano de Desenvolvimento Nacional (PDN 2023\u20132027)<\/strong><\/p>\n<p style=\"font-weight: 400;\">Prioriza a redu\u00e7\u00e3o da gravidez precoce, melhoria do acesso \u00e0 sa\u00fade sexual e educa\u00e7\u00e3o em direitos reprodutivos;<\/p>\n<p style=\"font-weight: 400;\"><strong>Plano Nacional de Desenvolvimento Sanit\u00e1rio (PNDS)<\/strong><\/p>\n<p style=\"font-weight: 400;\">Refor\u00e7a a educa\u00e7\u00e3o em sa\u00fade nas comunidades e o planeamento familiar;<\/p>\n<p style=\"font-weight: 400;\"><strong>Agenda 2030<\/strong><\/p>\n<p style=\"font-weight: 400;\">Objetivos de Desenvolvimento Sustent\u00e1vel (ODS): ODS 3 (Sa\u00fade e Bem-Estar), ODS 4 (Educa\u00e7\u00e3o de Qualidade), ODS 5 (Igualdade de G\u00e9nero);<\/p>\n<p style=\"font-weight: 400;\"><strong>OAFLAD \u2013 Organiza\u00e7\u00e3o das Primeiras-Damas Africanas para o Desenvolvimento<\/strong><\/p>\n<p style=\"font-weight: 400;\">A campanha refor\u00e7a o compromisso com a iniciativa continental sobre sa\u00fade da mulher e da rapariga, alinhando-se aos princ\u00edpios de lideran\u00e7a feminina, justi\u00e7a social e igualdade de oportunidades.<\/p>\n<p>[\/vc_column_text][\/vc_tta_section][\/vc_tta_tabs][\/vc_column][\/vc_row][vc_row][vc_column][vc_empty_space hide_on_mobile=&#8221;&#8221;]<div id=\"widget_video_345630754\" class=\"widget_area sc_widget_video vc_widget_video wpb_content_element\"><aside id=\"widget_video_345630754_widget\" class=\"widget widget_video\"><div id=\"sc_video_1809401308\" class=\"trx_addons_video_player with_cover hover_play\"><img loading=\"lazy\" decoding=\"async\" src=\"https:\/\/gravidezprecoce.ao\/wp-content\/uploads\/2025\/10\/videoblocks-african-teen-black-girl-close-up-eyes-looking-up-to-sky-with-hope-and-faith_hyic4u6m26_thumbnail-1080_08-1170x658.png\" alt=\"\" width=\"1170\" height=\"658\"><div class=\"video_mask\"><\/div><div class=\"video_hover\" data-video=\"&lt;iframe src=&quot;https:\/\/player.vimeo.com\/video\/127959761?autoplay=1&quot; width=&quot;1200&quot; height=&quot;675&quot;&gt;&lt;\/iframe&gt;\"><\/div><div class=\"video_embed video_frame\"><\/div><\/div><\/aside><\/div>[\/vc_column][\/vc_row]<\/p>\n<\/div>","protected":false},"excerpt":{"rendered":"<p>[vc_row][vc_column][vc_column_text css=&#8221;&#8221;] &#8220;Viver e Crescer com Dignidade&#8221; [\/vc_column_text][vc_empty_space hide_on_mobile=&#8221;&#8221;][\/vc_column][vc_column width=&#8221;1\/2&#8243;][vc_tta_accordion shape=&#8221;round&#8221; c_icon=&#8221;chevron&#8221; c_position=&#8221;right&#8221; active_section=&#8221;1&#8243;][vc_tta_section title=&#8221;Sabias que&#8230;&#8221; tab_id=&#8221;1498134750982-8ec1bd0b-0ef3&#8243;][vc_column_text css=&#8221;&#8221;]Cerca de 28% das adolescentes entre os 13 e 18 anos j\u00e1 estiveram gr\u00e1vidas? E que em alguns munic\u00edpios rurais, a taxa ultrapassa os 35%?[\/vc_column_text][\/vc_tta_section][vc_tta_section title=&#8221;Algumas causas e consequ\u00eancias&#8221; tab_id=&#8221;1498134751122-22538824-bd18&#8243;][vc_column_text css=&#8221;&#8221;] Elevados \u00edndices de analfabetismo (especialmente entre meninas); Fraco acesso a servi\u00e7os de&hellip;<\/p>\n","protected":false},"author":1,"featured_media":1772,"parent":0,"menu_order":1,"comment_status":"closed","ping_status":"closed","template":"","meta":{"footnotes":""},"class_list":["post-45","page","type-page","status-publish","has-post-thumbnail","hentry"],"_links":{"self":[{"href":"https:\/\/gravidezprecoce.ao\/index.php?rest_route=\/wp\/v2\/pages\/45","targetHints":{"allow":["GET"]}}],"collection":[{"href":"https:\/\/gravidezprecoce.ao\/index.php?rest_route=\/wp\/v2\/pages"}],"about":[{"href":"https:\/\/gravidezprecoce.ao\/index.php?rest_route=\/wp\/v2\/types\/page"}],"author":[{"embeddable":true,"href":"https:\/\/gravidezprecoce.ao\/index.php?rest_route=\/wp\/v2\/users\/1"}],"replies":[{"embeddable":true,"href":"https:\/\/gravidezprecoce.ao\/index.php?rest_route=%2Fwp%2Fv2%2Fcomments&post=45"}],"version-history":[{"count":13,"href":"https:\/\/gravidezprecoce.ao\/index.php?rest_route=\/wp\/v2\/pages\/45\/revisions"}],"predecessor-version":[{"id":1676,"href":"https:\/\/gravidezprecoce.ao\/index.php?rest_route=\/wp\/v2\/pages\/45\/revisions\/1676"}],"wp:featuredmedia":[{"embeddable":true,"href":"https:\/\/gravidezprecoce.ao\/index.php?rest_route=\/wp\/v2\/media\/1772"}],"wp:attachment":[{"href":"https:\/\/gravidezprecoce.ao\/index.php?rest_route=%2Fwp%2Fv2%2Fmedia&parent=45"}],"curies":[{"name":"wp","href":"https:\/\/api.w.org\/{rel}","templated":true}]}}